{"id":437,"date":"2025-06-25T15:27:35","date_gmt":"2025-06-25T13:27:35","guid":{"rendered":"https:\/\/casatorrija.com\/privacy-policy\/"},"modified":"2025-06-27T11:09:12","modified_gmt":"2025-06-27T09:09:12","slug":"politica-de-privacidad","status":"publish","type":"page","link":"https:\/\/casatorrija.com\/es\/politica-de-privacidad\/","title":{"rendered":"Pol\u00edtica de privacidad"},"content":{"rendered":"\t\t<div data-elementor-type=\"wp-page\" data-elementor-id=\"437\" class=\"elementor elementor-437 elementor-233\" data-elementor-settings=\"{&quot;element_pack_global_tooltip_width&quot;:{&quot;unit&quot;:&quot;px&quot;,&quot;size&quot;:&quot;&quot;,&quot;sizes&quot;:[]},&quot;element_pack_global_tooltip_width_tablet&quot;:{&quot;unit&quot;:&quot;px&quot;,&quot;size&quot;:&quot;&quot;,&quot;sizes&quot;:[]},&quot;element_pack_global_tooltip_width_mobile&quot;:{&quot;unit&quot;:&quot;px&quot;,&quot;size&quot;:&quot;&quot;,&quot;sizes&quot;:[]},&quot;element_pack_global_tooltip_padding&quot;:{&quot;unit&quot;:&quot;px&quot;,&quot;top&quot;:&quot;&quot;,&quot;right&quot;:&quot;&quot;,&quot;bottom&quot;:&quot;&quot;,&quot;left&quot;:&quot;&quot;,&quot;isLinked&quot;:true},&quot;element_pack_global_tooltip_padding_tablet&quot;:{&quot;unit&quot;:&quot;px&quot;,&quot;top&quot;:&quot;&quot;,&quot;right&quot;:&quot;&quot;,&quot;bottom&quot;:&quot;&quot;,&quot;left&quot;:&quot;&quot;,&quot;isLinked&quot;:true},&quot;element_pack_global_tooltip_padding_mobile&quot;:{&quot;unit&quot;:&quot;px&quot;,&quot;top&quot;:&quot;&quot;,&quot;right&quot;:&quot;&quot;,&quot;bottom&quot;:&quot;&quot;,&quot;left&quot;:&quot;&quot;,&quot;isLinked&quot;:true},&quot;element_pack_global_tooltip_border_radius&quot;:{&quot;unit&quot;:&quot;px&quot;,&quot;top&quot;:&quot;&quot;,&quot;right&quot;:&quot;&quot;,&quot;bottom&quot;:&quot;&quot;,&quot;left&quot;:&quot;&quot;,&quot;isLinked&quot;:true},&quot;element_pack_global_tooltip_border_radius_tablet&quot;:{&quot;unit&quot;:&quot;px&quot;,&quot;top&quot;:&quot;&quot;,&quot;right&quot;:&quot;&quot;,&quot;bottom&quot;:&quot;&quot;,&quot;left&quot;:&quot;&quot;,&quot;isLinked&quot;:true},&quot;element_pack_global_tooltip_border_radius_mobile&quot;:{&quot;unit&quot;:&quot;px&quot;,&quot;top&quot;:&quot;&quot;,&quot;right&quot;:&quot;&quot;,&quot;bottom&quot;:&quot;&quot;,&quot;left&quot;:&quot;&quot;,&quot;isLinked&quot;:true}}\" data-elementor-post-type=\"page\">\n\t\t\t\t<div data-dce-background-overlay-color=\"#000000\" data-dce-background-image-url=\"https:\/\/casatorrija.com\/wp-content\/uploads\/2025\/05\/44-scaled.jpg\" class=\"elementor-element elementor-element-6d11fbe e-flex e-con-boxed e-con e-parent\" data-id=\"6d11fbe\" data-element_type=\"container\" data-settings=\"{&quot;background_background&quot;:&quot;classic&quot;}\">\n\t\t\t\t\t<div class=\"e-con-inner\">\n\t\t\t\t\t<\/div>\n\t\t\t\t<\/div>\n\t\t<div class=\"elementor-element elementor-element-1c22587 e-flex e-con-boxed e-con e-parent\" data-id=\"1c22587\" data-element_type=\"container\">\n\t\t\t\t\t<div class=\"e-con-inner\">\n\t\t\t\t<div class=\"elementor-element elementor-element-e72cfb5 elementor-widget elementor-widget-text-editor\" data-id=\"e72cfb5\" data-element_type=\"widget\" data-widget_type=\"text-editor.default\">\n\t\t\t\t<div class=\"elementor-widget-container\">\n\t\t\t\t\t\t\t\t\t<h2>Pol\u00edtica de privacidad<\/h2><p>Tus datos personales y tu privacidad son enormemente importantes para Casa Torrija. Esta pol\u00edtica no es s\u00f3lo un escudo legal para ponernos en l\u00ednea con normativas como el Reglamento General de Protecci\u00f3n de Datos (m\u00e1s adelante: GDPR), o a\u00fan, el Reglamento General de Protecci\u00f3n de Datos[1] De ninguna manera, este texto escribe nuestra historia de datos. Cuenta qu\u00e9 datos personales procesamos y c\u00f3mo los tratamos y protegemos con esmero.<\/p><p>Por eso, con esta pol\u00edtica queremos que conozca perfectamente nuestra pol\u00edtica de datos. De este modo, tambi\u00e9n podr\u00e1 tomar una decisi\u00f3n meditada e informada sobre el uso de nuestros servicios. Por lo tanto, asumimos que cuando usted utiliza nuestros servicios, da su consentimiento a la forma de tratamiento y a nuestras pol\u00edticas.<\/p><p>Ah, una cosa m\u00e1s. Hemos hecho todo lo posible para que esta pol\u00edtica sea lo m\u00e1s concisa y clara posible. Al fin y al cabo, creemos que las obligaciones no tienen por qu\u00e9 ser aburridas.<\/p><p>[1] Reglamento de 27 de abril de 2016 relativo a la protecci\u00f3n de las personas f\u00edsicas en lo que respecta al tratamiento de datos personales y a la libre circulaci\u00f3n de estos datos.<\/p><h3>\u00bfQui\u00e9n procesa los datos?<\/h3><h4>1. &#8216;nosotros&#8217;<\/h4><table><tbody><tr><td width=\"179\"><strong>Nombre de la empresa:<\/strong><\/td><td width=\"172\">Casa4You<\/td><\/tr><tr><td width=\"179\"><strong>Direcci\u00f3n:<\/strong><\/td><td width=\"172\"><div class=\"ui-e-content\"><p class=\"ui-e-text\">Carrer Santo Dom\u00e8nec, 20, 03730 X\u00e0bia, Alacant, Espa\u00f1a<\/p><\/div><\/td><\/tr><tr><td width=\"179\"><strong>Correo electr\u00f3nico:<\/strong><\/td><td width=\"172\"><a href=\"mailto:info@casa4you.nl\">info@casa4you.nl<\/a><\/td><\/tr><tr><td width=\"179\"><strong>N\u00famero de tel\u00e9fono:<\/strong><\/td><td width=\"172\"><a href=\"tel:+34699429902\">+34 6 99 42 99 02<\/a><\/td><\/tr><\/tbody><\/table><p>El GDPR tambi\u00e9n nos designa como responsables del tratamiento de datos. Esto significa, en pocas palabras, que nosotros decidimos qu\u00e9 datos se recopilan, c\u00f3mo y por qu\u00e9 medios se recopilar\u00e1n, as\u00ed como por qu\u00e9 hacemos todo esto.<\/p><h4>2. \u00bfQui\u00e9n nos ayudar\u00e1?<\/h4><p>Encargados del tratamiento, un t\u00e9rmino revelador del GDPR. \u00bfQui\u00e9n nos ayuda, bajo nuestra responsabilidad, a procesar sus datos personales? Tenga la seguridad de que todos nuestros procesadores han aceptado personalmente o en general el GDPR y, por lo tanto, nuestras pol\u00edticas. He aqu\u00ed un breve resumen.<\/p><p><strong>Hostinger<\/strong> est\u00e1 bajo el cap\u00f3 de nuestro sitio web.<\/p><table><tbody><tr><td width=\"186\"><strong>Nombre de la empresa:<\/strong><\/td><td width=\"172\">Hostinger, UAB<\/td><\/tr><tr><td width=\"186\"><strong>N\u00famero de IVA:<\/strong><\/td><td width=\"172\">LT100007381511<\/td><\/tr><tr><td width=\"186\"><strong>Direcci\u00f3n:<\/strong><\/td><td width=\"172\">\u0160vitrigailos g. 34, LT-03230 Vilnius<br \/>Letonia<\/td><\/tr><tr><td width=\"186\"><strong>N\u00famero de tel\u00e9fono:<\/strong><\/td><td width=\"172\">+370 645 03378<\/td><\/tr><\/tbody><\/table><p>Adem\u00e1s de todos estos procesadores, utilizamos algunos plugins que a veces tambi\u00e9n procesan datos. Tenga la seguridad de que, al igual que con nuestros procesadores, solo utilizamos plugins que cumplen expl\u00edcitamente con el GDPR. Una lista: Google Analytics, Facebook Pixel, integraci\u00f3n con Mailchimp, Contact Form 7, Optinmonster.<\/p><h3>\u00bfQu\u00e9 datos recogemos realmente?<\/h3><h4>1. Las \u00abcategor\u00edas de datos\u00bb.<\/h4><p>Un t\u00e9rmino pesado del GDPR para los \u00abtipos de datos\u00bb que necesitamos. Un peque\u00f1o resumen:<\/p><p><strong>SITIO WEB<\/strong><\/p><table><tbody><tr><td width=\"186\">Correo electr\u00f3nico<\/td><td width=\"172\">\u00a0<\/td><\/tr><tr><td width=\"186\">Nombre<\/td><td width=\"172\">\u00a0<\/td><\/tr><tr><td width=\"186\">N\u00famero de tel\u00e9fono<\/td><td width=\"172\">\u00a0<\/td><\/tr><tr><td width=\"186\">Datos de localizaci\u00f3n<\/td><td width=\"172\">\u00a0<\/td><\/tr><tr><td width=\"186\">Direcci\u00f3n IP<\/td><td width=\"172\">\u00a0<\/td><\/tr><\/tbody><\/table><h4>2. \u00bfPor qu\u00e9 recogemos estos datos?<\/h4><p>Por supuesto, no lo hacemos porque s\u00ed. La idea es que recopilando sus datos podamos ofrecerle una experiencia \u00f3ptima en nuestro sitio web. Pero, \u00bfqu\u00e9 le parece?<\/p><ul><li>Nos aseguramos de que la experiencia en nuestro sitio web sea lo m\u00e1s segura posible. Por lo tanto, utilizamos los datos para supervisar nuestro sitio web y asegurarnos de que todo funciona correctamente. As\u00ed tambi\u00e9n intentamos evitar fraudes y otras malas intenciones.<\/li><li>Tambi\u00e9n nos gusta mantenerle informado sobre nuestros productos y servicios. Por eso le enviamos un correo electr\u00f3nico muy de vez en cuando. A veces una promoci\u00f3n, a veces s\u00f3lo una noticia. Algunas personas tambi\u00e9n conocen esto como marketing directo, \u00a1pero no se preocupe! Los correos electr\u00f3nicos siempre contienen un enlace para darse de baja de nuestra base de datos.<\/li><li>Los datos personales\/Cookies pueden utilizarse para la personalizaci\u00f3n de anuncios en la primera capa del aviso de consentimiento.<\/li><li>Google Analytics recopila datos para que podamos conocer mejor al p\u00fablico que visita nuestro sitio web. Se trata de la recopilaci\u00f3n de datos estad\u00edsticos. Se procesan la direcci\u00f3n IP, las p\u00e1ginas visitadas, la ubicaci\u00f3n geogr\u00e1fica del visitante y la hora de la visita.<\/li><li>El p\u00edxel de Facebook recopila datos para que podamos organizar adecuadamente nuestros esfuerzos de marketing. Esto nos permite mostrar el mensaje adecuado a las personas adecuadas en Facebook sin conocer tu cuenta. Cuantas menos partes procesen datos, menos posibilidades de p\u00e9rdida.<\/li><\/ul><h3>\u00bfQu\u00e9 puede hacer? \u00bfCu\u00e1les son sus derechos?<\/h3><h4>1. Derecho de acceso<\/h4><p>Por supuesto, sus datos siguen siendo suyos. Por tanto, puede pedirnos en cualquier momento que inspeccionemos los datos que hemos recopilado sobre usted y c\u00f3mo, por qu\u00e9 y durante cu\u00e1nto tiempo los hemos procesado. Todo esto en el sentido m\u00e1s amplio. Sabr\u00e1 exactamente c\u00f3mo revisamos sus datos y qu\u00e9 ocurre con ellos. Env\u00ede su solicitud de acceso a <a href=\"mailto:info@casa4you.nl\">info@casa4you.nl<\/a> y le enviaremos todo lo que tengamos en el plazo de 1 mes desde la solicitud.<\/p><h4>2. Derecho de rectificaci\u00f3n y supresi\u00f3n de datos personales<\/h4><p>Siempre puede corregir o borrar sus datos. Esto puede ser necesario, por ejemplo, cuando se muda o crea una nueva direcci\u00f3n de correo electr\u00f3nico. WEBSHOP: Puede modificar la mayor\u00eda de sus datos a trav\u00e9s de su perfil de usuario. SITIO WEB: Si desea eliminar o modificar datos, env\u00ede su solicitud a <a href=\"mailto:info@casa4you.nl\">info@casa4you.nl<\/a>.<\/p><p>Lamentablemente, algunos datos no pueden eliminarse as\u00ed como as\u00ed. Se trata de datos que debemos conservar en virtud de una obligaci\u00f3n legal (p. ej., contabilidad) o de un acuerdo (p. ej., todav\u00eda tenemos que entregarle su paquete).<\/p><p>Por supuesto, los datos que se hubieran tratado de forma il\u00edcita se suprimir\u00e1n lo antes posible. Cualquier otra solicitud se atender\u00e1 sin demora injustificada.<\/p><h4>3. Derecho a limitar el tratamiento de los datos o a oponerse al mismo<\/h4><p>Si ha presentado una solicitud de supresi\u00f3n, comprobamos la exactitud de los datos, los datos se han procesado ilegalmente o los datos son necesarios para una reclamaci\u00f3n legal, puede solicitar una restricci\u00f3n del procesamiento. Dirija esta solicitud a <a href=\"mailto:info@casa4you.nl\">info@casa4you.nl<\/a> y restringiremos el tratamiento en el plazo de un mes.<\/p><p>\u00bfNo quiere que procesemos sus datos? Si es as\u00ed, p\u00f3ngase en contacto con nosotros a trav\u00e9s de <a href=\"mailto:info@casa4you.nl\">info@casa4you.nl<\/a> y dejaremos de tratar sus datos lo antes posible (en el plazo de un mes a partir de la solicitud). Las excepciones son los datos que tenemos que conservar por obligaci\u00f3n legal (por ejemplo, la contabilidad) o en virtud de un acuerdo (por ejemplo, tenemos que entregar su paquete).<\/p><h4>4. Derecho a la portabilidad de los datos<\/h4><p>Tiene derecho a obtener los datos que nos ha facilitado en un formato estructurado, com\u00fan y legible por m\u00e1quina. Esto le permite transferir los datos a otro responsable del tratamiento.<\/p><h4>5. Derecho a retirar el consentimiento<\/h4><p>Su consentimiento puede ser revocado en cualquier momento. Naturalmente, esto s\u00f3lo afecta a los datos que hemos obtenido sobre la base de su consentimiento. Quedan excluidos, por tanto, los datos que obtengamos o debamos conservar en virtud de una obligaci\u00f3n legal (por ejemplo, contabilidad) o de un contrato.<\/p><h4>6. Reclamaciones<\/h4><p>Las quejas sobre c\u00f3mo procesamos sus datos deben comunicarse a la Comisi\u00f3n Belga para la Protecci\u00f3n de la Privacidad (https:\/\/www.privacycommission.be\/nl) .<\/p>\t\t\t\t\t\t\t\t<\/div>\n\t\t\t\t<\/div>\n\t\t\t\t\t<\/div>\n\t\t\t\t<\/div>\n\t\t\t\t<\/div>\n\t\t","protected":false},"excerpt":{"rendered":"<p>Pol\u00edtica de privacidad Tus datos personales y tu privacidad son enormemente importantes para Casa Torrija. Esta pol\u00edtica no es s\u00f3lo un escudo legal para ponernos en l\u00ednea con normativas como el Reglamento General de Protecci\u00f3n de Datos (m\u00e1s adelante: GDPR), o a\u00fan, el Reglamento General de Protecci\u00f3n de Datos[1] De ninguna manera, este texto escribe [&hellip;]<\/p>\n","protected":false},"author":1,"featured_media":0,"parent":0,"menu_order":0,"comment_status":"closed","ping_status":"closed","template":"","meta":{"footnotes":""},"class_list":["post-437","page","type-page","status-publish","hentry"],"_links":{"self":[{"href":"https:\/\/casatorrija.com\/es\/wp-json\/wp\/v2\/pages\/437","targetHints":{"allow":["GET"]}}],"collection":[{"href":"https:\/\/casatorrija.com\/es\/wp-json\/wp\/v2\/pages"}],"about":[{"href":"https:\/\/casatorrija.com\/es\/wp-json\/wp\/v2\/types\/page"}],"author":[{"embeddable":true,"href":"https:\/\/casatorrija.com\/es\/wp-json\/wp\/v2\/users\/1"}],"replies":[{"embeddable":true,"href":"https:\/\/casatorrija.com\/es\/wp-json\/wp\/v2\/comments?post=437"}],"version-history":[{"count":4,"href":"https:\/\/casatorrija.com\/es\/wp-json\/wp\/v2\/pages\/437\/revisions"}],"predecessor-version":[{"id":502,"href":"https:\/\/casatorrija.com\/es\/wp-json\/wp\/v2\/pages\/437\/revisions\/502"}],"wp:attachment":[{"href":"https:\/\/casatorrija.com\/es\/wp-json\/wp\/v2\/media?parent=437"}],"curies":[{"name":"wp","href":"https:\/\/api.w.org\/{rel}","templated":true}]}}